{"id":9800,"date":"2021-01-25T08:24:52","date_gmt":"2021-01-25T08:24:52","guid":{"rendered":"http:\/\/ceramondo.com?page_id=9800"},"modified":"2023-04-18T20:29:31","modified_gmt":"2023-04-18T20:29:31","slug":"about-us","status":"publish","type":"page","link":"https:\/\/ceramondo.com\/it\/chi-siamo\/","title":{"rendered":"Chi siamo"},"content":{"rendered":"<div data-vc-full-width=\"true\" data-vc-full-width-init=\"false\" class=\"vc_row wpb_row vc_row-fluid\"><div class=\"wpb_column vc_column_container vc_col-sm-12\"><div class=\"vc_column-inner vc_custom_1611565082038\" style=\" text-align:center; \"><div class=\"wpb_wrapper\"><div class='dt-sc-title with-two-border aligncenter'><h2>The <strong>Lussuosa arte italiana<\/strong> Sulla Mattonella<\/h2><\/div><div class=\"ult-spacer spacer-6a071066d6ab7\" data-id=\"6a071066d6ab7\" data-height=\"50\" data-height-mobile=\"50\" data-height-tab=\"50\" data-height-tab-portrait=\"\" data-height-mobile-landscape=\"\" style=\"clear:both;display:block;\"><\/div><\/div><\/div><\/div><\/div><div class=\"vc_row-full-width vc_clearfix\"><\/div><div data-vc-full-width=\"true\" data-vc-full-width-init=\"false\" class=\"vc_row wpb_row vc_row-fluid vc_custom_1611564671609\"><div class=\"wpb_column vc_column_container vc_col-sm-6\"><div class=\"vc_column-inner\"><div class=\"wpb_wrapper\">\n\t<div  class=\"wpb_single_image wpb_content_element vc_align_center\">\n\t\t\n\t\t<figure class=\"wpb_wrapper vc_figure\">\n\t\t\t<div class=\"vc_single_image-wrapper   vc_box_border_grey\"><img fetchpriority=\"high\" decoding=\"async\" width=\"1240\" height=\"1219\" src=\"https:\/\/ceramondo.com\/wp-content\/uploads\/2022\/10\/image-283-e1665094897474.jpg\" class=\"vc_single_image-img attachment-full\" alt=\"\" \/><\/div>\n\t\t<\/figure>\n\t<\/div>\n<\/div><\/div><\/div><div class=\"wpb_column vc_column_container vc_col-sm-6\"><div class=\"vc_column-inner\"><div class=\"wpb_wrapper\">\n\t<div class=\"wpb_text_column wpb_content_element\" >\n\t\t<div class=\"wpb_wrapper\">\n\t\t\t<p>CeraMondo is a luxurious porcelain tile brand designed in Italy and manufactured in India in line with Italian quality standards. This has made CeraMondo a successful luxurious brand worldwide.<\/p>\n<p>Being managed by a team of Italians, quality and design are our top priorities. The design team of CeraMondo is based in Italy and keeps up with the latest trends and aesthetics to come up with outstanding designs. Every design by CeraMondo is inspired by the continual desire of Italian customers for style and aesthetics, and CeraMondo\u2019s ability to keep up with these expectations has made the company synonymous with quality, service, and innovation in the international market.<\/p>\n<p>Gli impianti di produzione hanno sede in India e CeraMondo \u00e8 dotata di attrezzature all'avanguardia. Per citarne alcune, CeraMondo \u00e8 il migliore nel business internazionale grazie all'automazione, alle attrezzature automobilistiche robotiche, che non lasciano spazio all'errore umano.<\/p>\n<p class=\"translation-block\">Ogni fase del processo \u00e8 costantemente monitorata da un apposito team. Dalla selezione delle materie prime, allo stoccaggio. Dalla macinazione della miscela, alla miscelazione e cottura delle piastrelle. Dal processo produttivo, al controllo qualit\u00e0 del prodotto finale. Dall'impeccabile formazione tecnica, all'efficace supporto professionale. \u00c8 una testimonianza dell'impegno dell'azienda per il miglioramento dei processi di produzione e per garantire standard elevati.<\/p>\n<p>Dalla sua fondazione, CeraMondo \u00e8 diventata pi\u00f9 forte grazie alla dedizione, alle innovazioni e al sostegno di clienti provenienti da diversi angoli del mondo.<\/p>\n\n\t\t<\/div>\n\t<\/div>\n<\/div><\/div><\/div><\/div><div class=\"vc_row-full-width vc_clearfix\"><\/div><div class=\"vc_row wpb_row vc_row-fluid vc_custom_1611586115799 vc_row-has-fill\"><div class=\"wpb_column vc_column_container vc_col-sm-12\"><div class=\"vc_column-inner\" style=\" text-align:center; \"><div class=\"wpb_wrapper\"><div class='dt-sc-title with-two-border aligncenter'><h2 class=\"translation-block\">I nostri <strong>valori<\/strong><\/h2><\/div><div class=\"ult-spacer spacer-6a071066d733c\" data-id=\"6a071066d733c\" data-height=\"20\" data-height-mobile=\"20\" data-height-tab=\"20\" data-height-tab-portrait=\"\" data-height-mobile-landscape=\"\" style=\"clear:both;display:block;\"><\/div>\n\t<div class=\"wpb_text_column wpb_content_element\" >\n\t\t<div class=\"wpb_wrapper\">\n\t\t\t<p>CeraMondo \u00e8 noto per le piastrelle di lusso della migliore qualit\u00e0 e l'ambiente di lavoro \u00e8 impostato per raggiungere questi obiettivi. Questo non \u00e8 l'obiettivo e la missione solo dell'azienda, \u00e8 l'obiettivo e la missione di ogni singolo dipendente che lavora per il marchio.<\/p>\n\n\t\t<\/div>\n\t<\/div>\n<\/div><\/div><\/div><\/div><div class=\"vc_row wpb_row vc_row-fluid vc_custom_1611564617922 vc_row-has-fill\"><div class=\"wpb_column vc_column_container vc_col-sm-12\"><div class=\"vc_column-inner\"><div class=\"wpb_wrapper\"><div class=\"ult-spacer spacer-6a071066d74b1\" data-id=\"6a071066d74b1\" data-height=\"20\" data-height-mobile=\"20\" data-height-tab=\"20\" data-height-tab-portrait=\"\" data-height-mobile-landscape=\"\" style=\"clear:both;display:block;\"><\/div><\/div><\/div><\/div><\/div><div class=\"vc_row wpb_row vc_row-fluid vc_custom_1611564628629 vc_row-has-fill\"><div class=\"wpb_column vc_column_container vc_col-sm-4\"><div class=\"vc_column-inner\"><div class=\"wpb_wrapper\"><div class='dt-sc-icon-box type10 aligncenter no-icon'><div class=\"icon-content\"><h4>DISEGNO<\/h4><p>I nostri designer italiani non si limitano a creare design, creano arte che si ispira alle ultime e future tendenze desiderate dai clienti italiani per stile ed estetica.<\/p><\/div><\/div><\/div><\/div><\/div><div class=\"wpb_column vc_column_container vc_col-sm-4\"><div class=\"vc_column-inner\"><div class=\"wpb_wrapper\"><div class='dt-sc-icon-box type10 aligncenter no-icon'><div class=\"icon-content\"><h4>QUALIT\u00c0<\/h4><p>La qualit\u00e0 \u00e8 stata la nostra massima priorit\u00e0 e non scendiamo mai a compromessi sulla qualit\u00e0 del prodotto. Siamo conosciuti per la produzione della migliore qualit\u00e0 con una lunga durata.<\/p><\/div><\/div><\/div><\/div><\/div><div class=\"wpb_column vc_column_container vc_col-sm-4\"><div class=\"vc_column-inner\"><div class=\"wpb_wrapper\"><div class='dt-sc-icon-box type10 aligncenter no-icon'><div class=\"icon-content\"><h4>PRODUZIONE<\/h4><p>CeraMondo ha ampliato la propria capacit\u00e0 produttiva arrivando a produrre 100.000 mq al giorno tra grandi lastre vetrificate, piccoli pavimenti vetrificati, rivestimenti digitali e tutta massa.<\/p><\/div><\/div><\/div><\/div><\/div><\/div><div class=\"vc_row wpb_row vc_row-fluid vc_custom_1611564643492 vc_row-has-fill\"><div class=\"wpb_column vc_column_container vc_col-sm-12\"><div class=\"vc_column-inner\" style=\" text-align:center; \"><div class=\"wpb_wrapper\"><div class=\"ult-spacer spacer-6a071066d77e2\" data-id=\"6a071066d77e2\" data-height=\"100\" data-height-mobile=\"100\" data-height-tab=\"100\" data-height-tab-portrait=\"\" data-height-mobile-landscape=\"\" style=\"clear:both;display:block;\"><\/div><\/div><\/div><\/div><\/div><div class=\"vc_row wpb_row vc_row-fluid\"><div class=\"wpb_column vc_column_container vc_col-sm-12\"><div class=\"vc_column-inner\" style=\" text-align:center; \"><div class=\"wpb_wrapper\"><div class=\"ult-spacer spacer-6a071066d78b1\" data-id=\"6a071066d78b1\" data-height=\"80\" data-height-mobile=\"80\" data-height-tab=\"80\" data-height-tab-portrait=\"\" data-height-mobile-landscape=\"\" style=\"clear:both;display:block;\"><\/div><\/div><\/div><\/div><\/div><div class=\"vc_row wpb_row vc_row-fluid\"><div class=\"wpb_column vc_column_container vc_col-sm-12\"><div class=\"vc_column-inner\" style=\" text-align:center; \"><div class=\"wpb_wrapper\"><div class=\"ult-spacer spacer-6a071066d79be\" data-id=\"6a071066d79be\" data-height=\"50\" data-height-mobile=\"50\" data-height-tab=\"50\" data-height-tab-portrait=\"\" data-height-mobile-landscape=\"\" style=\"clear:both;display:block;\"><\/div><\/div><\/div><\/div><\/div>","protected":false},"excerpt":{"rendered":"The Luxurios Italian Art on the tile CeraMondo is a luxurious porcelain tile brand designed in Italy and manufactured in India in line with Italian quality standards. This has made CeraMondo a successful luxurious brand worldwide. Being managed by a team of Italians, quality and design are our top priorities. The design team of CeraMondo [...]","protected":false},"author":1,"featured_media":0,"parent":0,"menu_order":0,"comment_status":"closed","ping_status":"closed","template":"","meta":{"footnotes":""},"class_list":["post-9800","page","type-page","status-publish","hentry"],"yoast_head":"<!-- This site is optimized with the Yoast SEO Premium plugin v19.5 (Yoast SEO v19.10) - https:\/\/yoast.com\/wordpress\/plugins\/seo\/ -->\n<title>About Us - CeraMondo<\/title>\n<meta name=\"robots\" content=\"index, follow, max-snippet:-1, max-image-preview:large, max-video-preview:-1\" \/>\n<link rel=\"canonical\" href=\"https:\/\/ceramondo.com\/it\/about-us\/\" \/>\n<meta property=\"og:locale\" content=\"it_IT\" \/>\n<meta property=\"og:type\" content=\"article\" \/>\n<meta property=\"og:title\" content=\"About Us\" \/>\n<meta property=\"og:url\" content=\"https:\/\/ceramondo.com\/it\/about-us\/\" \/>\n<meta property=\"og:site_name\" content=\"CeraMondo\" \/>\n<meta property=\"article:modified_time\" content=\"2023-04-18T20:29:31+00:00\" \/>\n<meta name=\"twitter:card\" content=\"summary_large_image\" \/>\n<meta name=\"twitter:label1\" content=\"Tempo di lettura stimato\" \/>\n\t<meta name=\"twitter:data1\" content=\"3 minuti\" \/>\n<script type=\"application\/ld+json\" class=\"yoast-schema-graph\">{\"@context\":\"https:\/\/schema.org\",\"@graph\":[{\"@type\":\"WebPage\",\"@id\":\"https:\/\/ceramondo.com\/about-us\/\",\"url\":\"https:\/\/ceramondo.com\/about-us\/\",\"name\":\"About Us - CeraMondo\",\"isPartOf\":{\"@id\":\"https:\/\/ceramondo.com\/en\/#website\"},\"datePublished\":\"2021-01-25T08:24:52+00:00\",\"dateModified\":\"2023-04-18T20:29:31+00:00\",\"breadcrumb\":{\"@id\":\"https:\/\/ceramondo.com\/about-us\/#breadcrumb\"},\"inLanguage\":\"it-IT\",\"potentialAction\":[{\"@type\":\"ReadAction\",\"target\":[\"https:\/\/ceramondo.com\/about-us\/\"]}]},{\"@type\":\"BreadcrumbList\",\"@id\":\"https:\/\/ceramondo.com\/about-us\/#breadcrumb\",\"itemListElement\":[{\"@type\":\"ListItem\",\"position\":1,\"name\":\"Home\",\"item\":\"https:\/\/ceramondo.com\/\"},{\"@type\":\"ListItem\",\"position\":2,\"name\":\"About Us\"}]},{\"@type\":\"WebSite\",\"@id\":\"https:\/\/ceramondo.com\/en\/#website\",\"url\":\"https:\/\/ceramondo.com\/en\/\",\"name\":\"CeraMondo\",\"description\":\"La ceramica di alta qualit\u00e0\",\"publisher\":{\"@id\":\"https:\/\/ceramondo.com\/en\/#organization\"},\"potentialAction\":[{\"@type\":\"SearchAction\",\"target\":{\"@type\":\"EntryPoint\",\"urlTemplate\":\"https:\/\/ceramondo.com\/en\/?s={search_term_string}\"},\"query-input\":\"required name=search_term_string\"}],\"inLanguage\":\"it-IT\"},{\"@type\":\"Organization\",\"@id\":\"https:\/\/ceramondo.com\/en\/#organization\",\"name\":\"CeraMondo\",\"url\":\"https:\/\/ceramondo.com\/en\/\",\"logo\":{\"@type\":\"ImageObject\",\"inLanguage\":\"it-IT\",\"@id\":\"https:\/\/ceramondo.com\/en\/#\/schema\/logo\/image\/\",\"url\":\"https:\/\/ceramondo.com\/wp-content\/uploads\/2021\/03\/150x113-without-slogan.png\",\"contentUrl\":\"https:\/\/ceramondo.com\/wp-content\/uploads\/2021\/03\/150x113-without-slogan.png\",\"width\":150,\"height\":113,\"caption\":\"CeraMondo\"},\"image\":{\"@id\":\"https:\/\/ceramondo.com\/en\/#\/schema\/logo\/image\/\"},\"sameAs\":[\"https:\/\/www.instagram.com\/ceramondo.it\/\",\"https:\/\/www.linkedin.com\/company\/ceramondo\/\"]}]}<\/script>\n<!-- \/ Yoast SEO Premium plugin. -->","yoast_head_json":{"title":"About Us - CeraMondo","robots":{"index":"index","follow":"follow","max-snippet":"max-snippet:-1","max-image-preview":"max-image-preview:large","max-video-preview":"max-video-preview:-1"},"canonical":"https:\/\/ceramondo.com\/it\/about-us\/","og_locale":"it_IT","og_type":"article","og_title":"About Us","og_url":"https:\/\/ceramondo.com\/it\/about-us\/","og_site_name":"CeraMondo","article_modified_time":"2023-04-18T20:29:31+00:00","twitter_card":"summary_large_image","twitter_misc":{"Tempo di lettura stimato":"3 minuti"},"schema":{"@context":"https:\/\/schema.org","@graph":[{"@type":"WebPage","@id":"https:\/\/ceramondo.com\/about-us\/","url":"https:\/\/ceramondo.com\/about-us\/","name":"About Us - CeraMondo","isPartOf":{"@id":"https:\/\/ceramondo.com\/en\/#website"},"datePublished":"2021-01-25T08:24:52+00:00","dateModified":"2023-04-18T20:29:31+00:00","breadcrumb":{"@id":"https:\/\/ceramondo.com\/about-us\/#breadcrumb"},"inLanguage":"it-IT","potentialAction":[{"@type":"ReadAction","target":["https:\/\/ceramondo.com\/about-us\/"]}]},{"@type":"BreadcrumbList","@id":"https:\/\/ceramondo.com\/about-us\/#breadcrumb","itemListElement":[{"@type":"ListItem","position":1,"name":"Home","item":"https:\/\/ceramondo.com\/"},{"@type":"ListItem","position":2,"name":"About Us"}]},{"@type":"WebSite","@id":"https:\/\/ceramondo.com\/en\/#website","url":"https:\/\/ceramondo.com\/en\/","name":"CeraMondo","description":"La ceramica di alta qualit\u00e0","publisher":{"@id":"https:\/\/ceramondo.com\/en\/#organization"},"potentialAction":[{"@type":"SearchAction","target":{"@type":"EntryPoint","urlTemplate":"https:\/\/ceramondo.com\/en\/?s={search_term_string}"},"query-input":"required name=search_term_string"}],"inLanguage":"it-IT"},{"@type":"Organization","@id":"https:\/\/ceramondo.com\/en\/#organization","name":"CeraMondo","url":"https:\/\/ceramondo.com\/en\/","logo":{"@type":"ImageObject","inLanguage":"it-IT","@id":"https:\/\/ceramondo.com\/en\/#\/schema\/logo\/image\/","url":"https:\/\/ceramondo.com\/wp-content\/uploads\/2021\/03\/150x113-without-slogan.png","contentUrl":"https:\/\/ceramondo.com\/wp-content\/uploads\/2021\/03\/150x113-without-slogan.png","width":150,"height":113,"caption":"CeraMondo"},"image":{"@id":"https:\/\/ceramondo.com\/en\/#\/schema\/logo\/image\/"},"sameAs":["https:\/\/www.instagram.com\/ceramondo.it\/","https:\/\/www.linkedin.com\/company\/ceramondo\/"]}]}},"rttpg_featured_image_url":null,"rttpg_author":{"display_name":"admin","author_link":"https:\/\/ceramondo.com\/it\/author\/admin\/"},"rttpg_comment":0,"rttpg_category":null,"rttpg_excerpt":null,"_links":{"self":[{"href":"https:\/\/ceramondo.com\/it\/wp-json\/wp\/v2\/pages\/9800","targetHints":{"allow":["GET"]}}],"collection":[{"href":"https:\/\/ceramondo.com\/it\/wp-json\/wp\/v2\/pages"}],"about":[{"href":"https:\/\/ceramondo.com\/it\/wp-json\/wp\/v2\/types\/page"}],"author":[{"embeddable":true,"href":"https:\/\/ceramondo.com\/it\/wp-json\/wp\/v2\/users\/1"}],"replies":[{"embeddable":true,"href":"https:\/\/ceramondo.com\/it\/wp-json\/wp\/v2\/comments?post=9800"}],"version-history":[{"count":65,"href":"https:\/\/ceramondo.com\/it\/wp-json\/wp\/v2\/pages\/9800\/revisions"}],"predecessor-version":[{"id":11418,"href":"https:\/\/ceramondo.com\/it\/wp-json\/wp\/v2\/pages\/9800\/revisions\/11418"}],"wp:attachment":[{"href":"https:\/\/ceramondo.com\/it\/wp-json\/wp\/v2\/media?parent=9800"}],"curies":[{"name":"wp","href":"https:\/\/api.w.org\/{rel}","templated":true}]}}