{"id":9800,"date":"2021-01-25T08:24:52","date_gmt":"2021-01-25T08:24:52","guid":{"rendered":"http:\/\/ceramondo.com?page_id=9800"},"modified":"2023-04-18T20:29:31","modified_gmt":"2023-04-18T20:29:31","slug":"about-us","status":"publish","type":"page","link":"https:\/\/ceramondo.com\/es\/sobre-nosotros\/","title":{"rendered":"Sobre Nosotros"},"content":{"rendered":"<div data-vc-full-width=\"true\" data-vc-full-width-init=\"false\" class=\"vc_row wpb_row vc_row-fluid\"><div class=\"wpb_column vc_column_container vc_col-sm-12\"><div class=\"vc_column-inner vc_custom_1611565082038\" style=\" text-align:center; \"><div class=\"wpb_wrapper\"><div class='dt-sc-title with-two-border aligncenter'><h2>The <strong>EL LUJOSO ARTE ITALIANO<\/strong> EN EL AZULEJO<\/h2><\/div><div class=\"ult-spacer spacer-6a07132d63284\" data-id=\"6a07132d63284\" data-height=\"50\" data-height-mobile=\"50\" data-height-tab=\"50\" data-height-tab-portrait=\"\" data-height-mobile-landscape=\"\" style=\"clear:both;display:block;\"><\/div><\/div><\/div><\/div><\/div><div class=\"vc_row-full-width vc_clearfix\"><\/div><div data-vc-full-width=\"true\" data-vc-full-width-init=\"false\" class=\"vc_row wpb_row vc_row-fluid vc_custom_1611564671609\"><div class=\"wpb_column vc_column_container vc_col-sm-6\"><div class=\"vc_column-inner\"><div class=\"wpb_wrapper\">\n\t<div  class=\"wpb_single_image wpb_content_element vc_align_center\">\n\t\t\n\t\t<figure class=\"wpb_wrapper vc_figure\">\n\t\t\t<div class=\"vc_single_image-wrapper   vc_box_border_grey\"><img fetchpriority=\"high\" decoding=\"async\" width=\"1240\" height=\"1219\" src=\"https:\/\/ceramondo.com\/wp-content\/uploads\/2022\/10\/image-283-e1665094897474.jpg\" class=\"vc_single_image-img attachment-full\" alt=\"\" \/><\/div>\n\t\t<\/figure>\n\t<\/div>\n<\/div><\/div><\/div><div class=\"wpb_column vc_column_container vc_col-sm-6\"><div class=\"vc_column-inner\"><div class=\"wpb_wrapper\">\n\t<div class=\"wpb_text_column wpb_content_element\" >\n\t\t<div class=\"wpb_wrapper\">\n\t\t\t<p>CeraMondo is a luxurious porcelain tile brand designed in Italy and manufactured in India in line with Italian quality standards. This has made CeraMondo a successful luxurious brand worldwide.<\/p>\n<p>Being managed by a team of Italians, quality and design are our top priorities. The design team of CeraMondo is based in Italy and keeps up with the latest trends and aesthetics to come up with outstanding designs. Every design by CeraMondo is inspired by the continual desire of Italian customers for style and aesthetics, and CeraMondo\u2019s ability to keep up with these expectations has made the company synonymous with quality, service, and innovation in the international market.<\/p>\n<p>Las instalaciones de producci\u00f3n se encuentran en la India y CeraMondo est\u00e1 equipada con equipos de \u00faltima generaci\u00f3n. Para nombrar algunos factores, CeraMondo es el mejor en el negocio internacional gracias a la intensa automatizaci\u00f3n, las aplicaciones de autom\u00f3viles rob\u00f3ticos, que no dejan espacio para el error humano.<\/p>\n<p>Cada paso del proceso es supervisado constantemente por un equipo especial asignado a cada pedido. Desde la selecci\u00f3n de la materia prima hasta el almacenamiento. Desde moler la mezcla hasta mezclar y cocer los azulejos. Desde el proceso de fabricaci\u00f3n hasta el control de calidad del producto final. Desde una formaci\u00f3n t\u00e9cnica impecable hasta un apoyo profesional eficaz, es un testimonio del compromiso de la empresa para mejorar los procesos de fabricaci\u00f3n y esforzarse por alcanzar los est\u00e1ndares m\u00e1s altos jam\u00e1s establecidos.<\/p>\n<p>Desde su fundaci\u00f3n, CeraMondo se ha fortalecido gracias a su dedicaci\u00f3n, innovaciones y patrocinio de clientes de diferentes rincones del mundo.<\/p>\n\n\t\t<\/div>\n\t<\/div>\n<\/div><\/div><\/div><\/div><div class=\"vc_row-full-width vc_clearfix\"><\/div><div class=\"vc_row wpb_row vc_row-fluid vc_custom_1611586115799 vc_row-has-fill\"><div class=\"wpb_column vc_column_container vc_col-sm-12\"><div class=\"vc_column-inner\" style=\" text-align:center; \"><div class=\"wpb_wrapper\"><div class='dt-sc-title with-two-border aligncenter'><h2>Nuestro <strong>Motivo<\/strong><\/h2><\/div><div class=\"ult-spacer spacer-6a07132d63997\" data-id=\"6a07132d63997\" data-height=\"20\" data-height-mobile=\"20\" data-height-tab=\"20\" data-height-tab-portrait=\"\" data-height-mobile-landscape=\"\" style=\"clear:both;display:block;\"><\/div>\n\t<div class=\"wpb_text_column wpb_content_element\" >\n\t\t<div class=\"wpb_wrapper\">\n\t\t\t<p>CeraMondo es conocido por sus lujosos azulejos de la mejor calidad y el ambiente de trabajo est\u00e1 preparado para lograr estos objetivos. Este no es el objetivo y la misi\u00f3n de solo la empresa, es el objetivo y la misi\u00f3n de cada empleado que trabaja para la marca.<\/p>\n\n\t\t<\/div>\n\t<\/div>\n<\/div><\/div><\/div><\/div><div class=\"vc_row wpb_row vc_row-fluid vc_custom_1611564617922 vc_row-has-fill\"><div class=\"wpb_column vc_column_container vc_col-sm-12\"><div class=\"vc_column-inner\"><div class=\"wpb_wrapper\"><div class=\"ult-spacer spacer-6a07132d63ab8\" data-id=\"6a07132d63ab8\" data-height=\"20\" data-height-mobile=\"20\" data-height-tab=\"20\" data-height-tab-portrait=\"\" data-height-mobile-landscape=\"\" style=\"clear:both;display:block;\"><\/div><\/div><\/div><\/div><\/div><div class=\"vc_row wpb_row vc_row-fluid vc_custom_1611564628629 vc_row-has-fill\"><div class=\"wpb_column vc_column_container vc_col-sm-4\"><div class=\"vc_column-inner\"><div class=\"wpb_wrapper\"><div class='dt-sc-icon-box type10 aligncenter no-icon'><div class=\"icon-content\"><h4>DISE\u00d1O<\/h4><p>Nuestros dise\u00f1adores italianos no solo crean dise\u00f1os, crean arte inspirado en las tendencias m\u00e1s recientes y futuras deseadas por los clientes italianos en cuanto a estilo y est\u00e9tica.<\/p><\/div><\/div><\/div><\/div><\/div><div class=\"wpb_column vc_column_container vc_col-sm-4\"><div class=\"vc_column-inner\"><div class=\"wpb_wrapper\"><div class='dt-sc-icon-box type10 aligncenter no-icon'><div class=\"icon-content\"><h4>CALIDAD<\/h4><p>La calidad ha sido nuestra principal prioridad y nunca comprometemos la calidad del producto. Somos conocidos por producir la mejor calidad con una durabilidad duradera.<\/p><\/div><\/div><\/div><\/div><\/div><div class=\"wpb_column vc_column_container vc_col-sm-4\"><div class=\"vc_column-inner\"><div class=\"wpb_wrapper\"><div class='dt-sc-icon-box type10 aligncenter no-icon'><div class=\"icon-content\"><h4>PRODUCCI\u00d3N<\/h4><p>CeraMondo ha ampliado su capacidad de producci\u00f3n de 100\u00a0000 m2 por d\u00eda, incluidas losas vitrificadas grandes, baldosas vitrificadas peque\u00f1as, baldosas digitales para paredes y baldosas de cuerpo entero.<\/p><\/div><\/div><\/div><\/div><\/div><\/div><div class=\"vc_row wpb_row vc_row-fluid vc_custom_1611564643492 vc_row-has-fill\"><div class=\"wpb_column vc_column_container vc_col-sm-12\"><div class=\"vc_column-inner\" style=\" text-align:center; \"><div class=\"wpb_wrapper\"><div class=\"ult-spacer spacer-6a07132d63cf6\" data-id=\"6a07132d63cf6\" data-height=\"100\" data-height-mobile=\"100\" data-height-tab=\"100\" data-height-tab-portrait=\"\" data-height-mobile-landscape=\"\" style=\"clear:both;display:block;\"><\/div><\/div><\/div><\/div><\/div><div class=\"vc_row wpb_row vc_row-fluid\"><div class=\"wpb_column vc_column_container vc_col-sm-12\"><div class=\"vc_column-inner\" style=\" text-align:center; \"><div class=\"wpb_wrapper\"><div class=\"ult-spacer spacer-6a07132d63d7f\" data-id=\"6a07132d63d7f\" data-height=\"80\" data-height-mobile=\"80\" data-height-tab=\"80\" data-height-tab-portrait=\"\" data-height-mobile-landscape=\"\" style=\"clear:both;display:block;\"><\/div><\/div><\/div><\/div><\/div><div class=\"vc_row wpb_row vc_row-fluid\"><div class=\"wpb_column vc_column_container vc_col-sm-12\"><div class=\"vc_column-inner\" style=\" text-align:center; \"><div class=\"wpb_wrapper\"><div class=\"ult-spacer spacer-6a07132d63e37\" data-id=\"6a07132d63e37\" data-height=\"50\" data-height-mobile=\"50\" data-height-tab=\"50\" data-height-tab-portrait=\"\" data-height-mobile-landscape=\"\" style=\"clear:both;display:block;\"><\/div><\/div><\/div><\/div><\/div>","protected":false},"excerpt":{"rendered":"The Luxurios Italian Art on the tile CeraMondo is a luxurious porcelain tile brand designed in Italy and manufactured in India in line with Italian quality standards. This has made CeraMondo a successful luxurious brand worldwide. Being managed by a team of Italians, quality and design are our top priorities. The design team of CeraMondo [...]","protected":false},"author":1,"featured_media":0,"parent":0,"menu_order":0,"comment_status":"closed","ping_status":"closed","template":"","meta":{"footnotes":""},"class_list":["post-9800","page","type-page","status-publish","hentry"],"yoast_head":"<!-- This site is optimized with the Yoast SEO Premium plugin v19.5 (Yoast SEO v19.10) - https:\/\/yoast.com\/wordpress\/plugins\/seo\/ -->\n<title>About Us - CeraMondo<\/title>\n<meta name=\"robots\" content=\"index, follow, max-snippet:-1, max-image-preview:large, max-video-preview:-1\" \/>\n<link rel=\"canonical\" href=\"https:\/\/ceramondo.com\/es\/about-us\/\" \/>\n<meta property=\"og:locale\" content=\"es_ES\" \/>\n<meta property=\"og:type\" content=\"article\" \/>\n<meta property=\"og:title\" content=\"About Us\" \/>\n<meta property=\"og:url\" content=\"https:\/\/ceramondo.com\/es\/about-us\/\" \/>\n<meta property=\"og:site_name\" content=\"CeraMondo\" \/>\n<meta property=\"article:modified_time\" content=\"2023-04-18T20:29:31+00:00\" \/>\n<meta name=\"twitter:card\" content=\"summary_large_image\" \/>\n<meta name=\"twitter:label1\" content=\"Tiempo de lectura\" \/>\n\t<meta name=\"twitter:data1\" content=\"3 minutos\" \/>\n<script type=\"application\/ld+json\" class=\"yoast-schema-graph\">{\"@context\":\"https:\/\/schema.org\",\"@graph\":[{\"@type\":\"WebPage\",\"@id\":\"https:\/\/ceramondo.com\/about-us\/\",\"url\":\"https:\/\/ceramondo.com\/about-us\/\",\"name\":\"About Us - CeraMondo\",\"isPartOf\":{\"@id\":\"https:\/\/ceramondo.com\/en\/#website\"},\"datePublished\":\"2021-01-25T08:24:52+00:00\",\"dateModified\":\"2023-04-18T20:29:31+00:00\",\"breadcrumb\":{\"@id\":\"https:\/\/ceramondo.com\/about-us\/#breadcrumb\"},\"inLanguage\":\"es\",\"potentialAction\":[{\"@type\":\"ReadAction\",\"target\":[\"https:\/\/ceramondo.com\/about-us\/\"]}]},{\"@type\":\"BreadcrumbList\",\"@id\":\"https:\/\/ceramondo.com\/about-us\/#breadcrumb\",\"itemListElement\":[{\"@type\":\"ListItem\",\"position\":1,\"name\":\"Home\",\"item\":\"https:\/\/ceramondo.com\/\"},{\"@type\":\"ListItem\",\"position\":2,\"name\":\"About Us\"}]},{\"@type\":\"WebSite\",\"@id\":\"https:\/\/ceramondo.com\/en\/#website\",\"url\":\"https:\/\/ceramondo.com\/en\/\",\"name\":\"CeraMondo\",\"description\":\"La ceramica di alta qualit\u00e0\",\"publisher\":{\"@id\":\"https:\/\/ceramondo.com\/en\/#organization\"},\"potentialAction\":[{\"@type\":\"SearchAction\",\"target\":{\"@type\":\"EntryPoint\",\"urlTemplate\":\"https:\/\/ceramondo.com\/en\/?s={search_term_string}\"},\"query-input\":\"required name=search_term_string\"}],\"inLanguage\":\"es\"},{\"@type\":\"Organization\",\"@id\":\"https:\/\/ceramondo.com\/en\/#organization\",\"name\":\"CeraMondo\",\"url\":\"https:\/\/ceramondo.com\/en\/\",\"logo\":{\"@type\":\"ImageObject\",\"inLanguage\":\"es\",\"@id\":\"https:\/\/ceramondo.com\/en\/#\/schema\/logo\/image\/\",\"url\":\"https:\/\/ceramondo.com\/wp-content\/uploads\/2021\/03\/150x113-without-slogan.png\",\"contentUrl\":\"https:\/\/ceramondo.com\/wp-content\/uploads\/2021\/03\/150x113-without-slogan.png\",\"width\":150,\"height\":113,\"caption\":\"CeraMondo\"},\"image\":{\"@id\":\"https:\/\/ceramondo.com\/en\/#\/schema\/logo\/image\/\"},\"sameAs\":[\"https:\/\/www.instagram.com\/ceramondo.it\/\",\"https:\/\/www.linkedin.com\/company\/ceramondo\/\"]}]}<\/script>\n<!-- \/ Yoast SEO Premium plugin. -->","yoast_head_json":{"title":"About Us - CeraMondo","robots":{"index":"index","follow":"follow","max-snippet":"max-snippet:-1","max-image-preview":"max-image-preview:large","max-video-preview":"max-video-preview:-1"},"canonical":"https:\/\/ceramondo.com\/es\/about-us\/","og_locale":"es_ES","og_type":"article","og_title":"About Us","og_url":"https:\/\/ceramondo.com\/es\/about-us\/","og_site_name":"CeraMondo","article_modified_time":"2023-04-18T20:29:31+00:00","twitter_card":"summary_large_image","twitter_misc":{"Tiempo de lectura":"3 minutos"},"schema":{"@context":"https:\/\/schema.org","@graph":[{"@type":"WebPage","@id":"https:\/\/ceramondo.com\/about-us\/","url":"https:\/\/ceramondo.com\/about-us\/","name":"About Us - CeraMondo","isPartOf":{"@id":"https:\/\/ceramondo.com\/en\/#website"},"datePublished":"2021-01-25T08:24:52+00:00","dateModified":"2023-04-18T20:29:31+00:00","breadcrumb":{"@id":"https:\/\/ceramondo.com\/about-us\/#breadcrumb"},"inLanguage":"es","potentialAction":[{"@type":"ReadAction","target":["https:\/\/ceramondo.com\/about-us\/"]}]},{"@type":"BreadcrumbList","@id":"https:\/\/ceramondo.com\/about-us\/#breadcrumb","itemListElement":[{"@type":"ListItem","position":1,"name":"Home","item":"https:\/\/ceramondo.com\/"},{"@type":"ListItem","position":2,"name":"About Us"}]},{"@type":"WebSite","@id":"https:\/\/ceramondo.com\/en\/#website","url":"https:\/\/ceramondo.com\/en\/","name":"CeraMondo","description":"La ceramica di alta qualit\u00e0","publisher":{"@id":"https:\/\/ceramondo.com\/en\/#organization"},"potentialAction":[{"@type":"SearchAction","target":{"@type":"EntryPoint","urlTemplate":"https:\/\/ceramondo.com\/en\/?s={search_term_string}"},"query-input":"required name=search_term_string"}],"inLanguage":"es"},{"@type":"Organization","@id":"https:\/\/ceramondo.com\/en\/#organization","name":"CeraMondo","url":"https:\/\/ceramondo.com\/en\/","logo":{"@type":"ImageObject","inLanguage":"es","@id":"https:\/\/ceramondo.com\/en\/#\/schema\/logo\/image\/","url":"https:\/\/ceramondo.com\/wp-content\/uploads\/2021\/03\/150x113-without-slogan.png","contentUrl":"https:\/\/ceramondo.com\/wp-content\/uploads\/2021\/03\/150x113-without-slogan.png","width":150,"height":113,"caption":"CeraMondo"},"image":{"@id":"https:\/\/ceramondo.com\/en\/#\/schema\/logo\/image\/"},"sameAs":["https:\/\/www.instagram.com\/ceramondo.it\/","https:\/\/www.linkedin.com\/company\/ceramondo\/"]}]}},"rttpg_featured_image_url":null,"rttpg_author":{"display_name":"admin","author_link":"https:\/\/ceramondo.com\/es\/author\/admin\/"},"rttpg_comment":0,"rttpg_category":null,"rttpg_excerpt":null,"_links":{"self":[{"href":"https:\/\/ceramondo.com\/es\/wp-json\/wp\/v2\/pages\/9800","targetHints":{"allow":["GET"]}}],"collection":[{"href":"https:\/\/ceramondo.com\/es\/wp-json\/wp\/v2\/pages"}],"about":[{"href":"https:\/\/ceramondo.com\/es\/wp-json\/wp\/v2\/types\/page"}],"author":[{"embeddable":true,"href":"https:\/\/ceramondo.com\/es\/wp-json\/wp\/v2\/users\/1"}],"replies":[{"embeddable":true,"href":"https:\/\/ceramondo.com\/es\/wp-json\/wp\/v2\/comments?post=9800"}],"version-history":[{"count":65,"href":"https:\/\/ceramondo.com\/es\/wp-json\/wp\/v2\/pages\/9800\/revisions"}],"predecessor-version":[{"id":11418,"href":"https:\/\/ceramondo.com\/es\/wp-json\/wp\/v2\/pages\/9800\/revisions\/11418"}],"wp:attachment":[{"href":"https:\/\/ceramondo.com\/es\/wp-json\/wp\/v2\/media?parent=9800"}],"curies":[{"name":"wp","href":"https:\/\/api.w.org\/{rel}","templated":true}]}}