{"id":10235,"date":"2022-02-11T23:36:42","date_gmt":"2022-02-11T23:36:42","guid":{"rendered":"http:\/\/ceramondo.com?page_id=10235"},"modified":"2023-04-20T17:53:03","modified_gmt":"2023-04-20T17:53:03","slug":"ceramondo","status":"publish","type":"page","link":"https:\/\/ceramondo.com\/es\/","title":{"rendered":"Home"},"content":{"rendered":"<div data-vc-full-width=\"true\" data-vc-full-width-init=\"false\" data-vc-stretch-content=\"true\" class=\"vc_row wpb_row vc_row-fluid vc_custom_1613489020744 vc_row-has-fill\"><div class=\"dt-sc-stretch-row-content\"><div class=\"wpb_column vc_column_container vc_col-sm-12\"><div class=\"vc_column-inner\" style=\" text-align:center; \"><div class=\"wpb_wrapper\"><div class=\"ult-spacer spacer-6a07084f70d0a\" data-id=\"6a07084f70d0a\" data-height=\"50\" data-height-mobile=\"20\" data-height-tab=\"20\" data-height-tab-portrait=\"20\" data-height-mobile-landscape=\"20\" style=\"clear:both;display:block;\"><\/div><div class='dt-sc-title with-two-border aligncenter'><h2>NOS <strong> ESPECIALIZAMOS EN <\/strong><\/h2><\/div><div class=\"ult-spacer spacer-6a07084f70d34\" data-id=\"6a07084f70d34\" data-height=\"50\" data-height-mobile=\"20\" data-height-tab=\"40\" data-height-tab-portrait=\"40\" data-height-mobile-landscape=\"20\" style=\"clear:both;display:block;\"><\/div><div id=\"ult-carousel-34989578256a07084f70d9f\" class=\"ult-carousel-wrapper  vc_custom_1680811617381  ult_full_width\" data-gutter=\"20\" data-rtl=\"false\" ><div class=\"ult-carousel-37180069346a07084f70d4b\" ><div class=\"ult-item-wrap\" data-animation=\"animated no-animation\"><div class='dt-sc-image-caption type8'><div class='dt-sc-image-wrapper'><img fetchpriority=\"high\" decoding=\"async\" width=\"600\" height=\"600\" src=\"https:\/\/ceramondo.com\/wp-content\/uploads\/2021\/03\/Porcelain-Slab.jpeg\" class=\"attachment-full\" alt=\"\" \/><\/div><div class='dt-sc-image-content'><div class='dt-sc-image-title'><h3>Losa De Porcelana (Grande)<\/h3><\/div><p><ul>\n<li>80 x 320<\/li>\n<li class=\"p1\">80 x 300<\/li>\n<li class=\"p1\">80 x 240<\/li>\n<li>80 x 160<\/li>\n<\/ul>\n<p>Todos los productos de calidad con certificaci\u00f3n ISO<\/p>\n<div class=\"ult-item-wrap\" data-animation=\"animated no-animation\"><a href='http:\/\/api.whatsapp.com\/send?phone=+393245454521&#038;text=Hello,%20please%20send%20me%20your%20latest%20Porcelain%20Slab%20catalog!' target='_blank' title='' class='dt-sc-button   small icon-right with-icon  filled  grey' > Catalog <span class='fa fa-angle-right'> <\/span><\/a><\/div><\/div><\/div><\/div><div class=\"ult-item-wrap\" data-animation=\"animated no-animation\"><div class='dt-sc-image-caption type8'><div class='dt-sc-image-wrapper'><img decoding=\"async\" width=\"600\" height=\"600\" src=\"https:\/\/ceramondo.com\/wp-content\/uploads\/2021\/03\/Marble-2-14-9.jpeg\" class=\"attachment-full\" alt=\"example of one of ceramondo&#039;s GVT\/PGVT porcelain tiles\" \/><\/div><div class='dt-sc-image-content'><div class='dt-sc-image-title'><h3>GVT\/PGVT (Porcelana)<\/h3><\/div><p><ul>\n<li>80 x 80<\/li>\n<li class=\"p1\">60 x 60<\/li>\n<li class=\"p1\">60 x 120<\/li>\n<li class=\"p1\">20 x 120<\/li>\n<\/ul>\n<p>Todos los productos de calidad con certificaci\u00f3n ISO<\/p>\n<div class=\"ult-item-wrap\" data-animation=\"animated no-animation\"><a href='http:\/\/api.whatsapp.com\/send?phone=+393245454521&#038;text=Hello,%20please%20send%20me%20your%20latest%20GVT\/PGVT%20(Porcelain%20Tiles)%20catalog!' target='_blank' title='' class='dt-sc-button   small icon-right with-icon  filled  grey' > Catalog <span class='fa fa-angle-right'> <\/span><\/a><\/div><\/div><\/div><\/div><div class=\"ult-item-wrap\" data-animation=\"animated no-animation\"><div class='dt-sc-image-caption type8'><div class='dt-sc-image-wrapper'><img decoding=\"async\" width=\"612\" height=\"612\" src=\"https:\/\/ceramondo.com\/wp-content\/uploads\/2021\/03\/marble_03.jpg\" class=\"attachment-full\" alt=\"\" \/><\/div><div class='dt-sc-image-content'><div class='dt-sc-image-title'><h3>Azulejos de cuerpo completo<\/h3><\/div><p><ul>\n<li>60 x 60<\/li>\n<li>60 x 120<\/li>\n<li class=\"p1\">30 x 120<\/li>\n<\/ul>\n<p>&nbsp;<\/p>\n<p>Todos los productos de calidad con certificaci\u00f3n ISO<\/p>\n<div class=\"ult-item-wrap\" data-animation=\"animated no-animation\"><a href='http:\/\/api.whatsapp.com\/send?phone=+393245454521&#038;text=Hello,%20please%20send%20me%20your%20latest%20Full%20Body%20Vitrified%20Tiles%20catalog!' target='_blank' title='' class='dt-sc-button   small icon-right with-icon  filled  grey' > Catalog <span class='fa fa-angle-right'> <\/span><\/a><\/div><\/div><\/div><\/div><div class=\"ult-item-wrap\" data-animation=\"animated no-animation\"><div class='dt-sc-image-caption type8'><div class='dt-sc-image-wrapper'><img loading=\"lazy\" decoding=\"async\" width=\"377\" height=\"377\" src=\"https:\/\/ceramondo.com\/wp-content\/uploads\/2021\/03\/8.jpeg\" class=\"attachment-full\" alt=\"example of one of ceramondo&#039;s digital wall tiles\" \/><\/div><div class='dt-sc-image-content'><div class='dt-sc-image-title'><h3>Azulejos de pared digitales<\/h3><\/div><p><ul>\n<li>25 x 37.5<\/li>\n<li class=\"p1\">30 x 45<\/li>\n<li class=\"p1\">30 x 60<\/li>\n<\/ul>\n<p>&nbsp;<\/p>\n<p>Todos los productos de calidad con certificaci\u00f3n ISO<\/p>\n<div class=\"ult-item-wrap\" data-animation=\"animated no-animation\"><a href='http:\/\/api.whatsapp.com\/send?phone=+393245454521&#038;text=Hello,%20please%20send%20me%20your%20latest%20Digital%20Wall%20Tiles%20catalog!' target='_blank' title='' class='dt-sc-button   small icon-right with-icon  filled  grey' > Catalog <span class='fa fa-angle-right'> <\/span><\/a><\/div><\/div><\/div><\/div><\/div><\/div>\t\t\t<script type=\"text\/javascript\">\r\n\t\t\t\tjQuery(document).ready(function ($) {\r\n\t\t\t\t\tif( typeof jQuery('.ult-carousel-37180069346a07084f70d4b').slick == \"function\"){\r\n\t\t\t\t\t\t$('.ult-carousel-37180069346a07084f70d4b').slick({dots: true,autoplay: true,autoplaySpeed: 3000,speed: 300,infinite: true,arrows: false,slidesToScroll:4,slidesToShow:4,swipe: true,draggable: true,touchMove: true,pauseOnHover: true,pauseOnFocus: false,responsive: [\r\n\t\t\t\t\t\t\t{\r\n\t\t\t\t\t\t\t  breakpoint: 1026,\r\n\t\t\t\t\t\t\t  settings: {\r\n\t\t\t\t\t\t\t\tslidesToShow: 4,\r\n\t\t\t\t\t\t\t\tslidesToScroll: 4,  \r\n\t\t\t\t\t\t\t  }\r\n\t\t\t\t\t\t\t},\r\n\t\t\t\t\t\t\t{\r\n\t\t\t\t\t\t\t  breakpoint: 1025,\r\n\t\t\t\t\t\t\t  settings: {\r\n\t\t\t\t\t\t\t\tslidesToShow: 4,\r\n\t\t\t\t\t\t\t\tslidesToScroll: 4\r\n\t\t\t\t\t\t\t  }\r\n\t\t\t\t\t\t\t},\r\n\t\t\t\t\t\t\t{\r\n\t\t\t\t\t\t\t  breakpoint: 760,\r\n\t\t\t\t\t\t\t  settings: {\r\n\t\t\t\t\t\t\t\tslidesToShow: 1,\r\n\t\t\t\t\t\t\t\tslidesToScroll: 1\r\n\t\t\t\t\t\t\t  }\r\n\t\t\t\t\t\t\t}\r\n\t\t\t\t\t\t],pauseOnDotsHover: true,customPaging: function(slider, i) {\r\n                   return '<i type=\"button\" style= \"color:#b8aa83;\" class=\"ultsl-record\" data-role=\"none\"><\/i>';\r\n                },});\r\n\t\t\t\t\t}\r\n\t\t\t\t});\r\n\t\t\t<\/script>\r\n\t\t\t<\/div><\/div><\/div><\/div><\/div><div class=\"vc_row-full-width vc_clearfix\"><\/div><div data-vc-full-width=\"true\" data-vc-full-width-init=\"false\" class=\"vc_row wpb_row vc_row-fluid\"><div class=\"wpb_column vc_column_container vc_col-sm-12\"><div class=\"vc_column-inner\"><div class=\"wpb_wrapper\"><div class=\"ult-spacer spacer-6a07084f716d1\" data-id=\"6a07084f716d1\" data-height=\"100\" data-height-mobile=\"100\" data-height-tab=\"100\" data-height-tab-portrait=\"\" data-height-mobile-landscape=\"\" style=\"clear:both;display:block;\"><\/div><div class='dt-sc-title with-two-border aligncenter'><h2>Calidad superior y <strong> Elegante <\/strong><\/h2><\/div><div class=\"ult-spacer spacer-6a07084f716e5\" data-id=\"6a07084f716e5\" data-height=\"40\" data-height-mobile=\"40\" data-height-tab=\"40\" data-height-tab-portrait=\"\" data-height-mobile-landscape=\"\" style=\"clear:both;display:block;\"><\/div><\/div><\/div><\/div><\/div><div class=\"vc_row-full-width vc_clearfix\"><\/div><div data-vc-full-width=\"true\" data-vc-full-width-init=\"false\" class=\"vc_row wpb_row vc_row-fluid vc_custom_1613489055618 vc_row-has-fill\"><div class=\"wpb_column vc_column_container vc_col-sm-6\"><div class=\"vc_column-inner\"><div class=\"wpb_wrapper\"><img loading=\"lazy\" decoding=\"async\" width=\"570\" height=\"330\" src=\"https:\/\/ceramondo.com\/wp-content\/uploads\/2022\/05\/1.jpg\" class=\"alignnone attachment-full\" alt=\"\" \/><\/div><\/div><\/div><div class=\"wpb_column vc_column_container vc_col-sm-6\"><div class=\"vc_column-inner\"><div class=\"wpb_wrapper\"><div class=\"ult-spacer spacer-6a07084f719b5\" data-id=\"6a07084f719b5\" data-height=\"60\" data-height-mobile=\"60\" data-height-tab=\"60\" data-height-tab-portrait=\"\" data-height-mobile-landscape=\"\" style=\"clear:both;display:block;\"><\/div><h3 style=\"text-align: left\" class=\"vc_custom_heading vc_custom_1506595197873\"><a href=\"\">ACABADO CL\u00c1SICO ATEMPORAL<\/a><\/h3><h4 style=\"text-align: left\" class=\"vc_custom_heading dt-sc-skin-highlight txt dt-sc-dark-bg vc_custom_1506595273026\"><a href=\"\">TE ENCANTAR\u00cdA CAMINAR<\/a><\/h4>\n\t<div class=\"wpb_text_column wpb_content_element  vc_custom_1628153370986\" >\n\t\t<div class=\"wpb_wrapper\">\n\t\t\t<p class=\"p1\">La finura de los bordes, la superficie, las capas y las esquinas de cada uno de nuestros productos con un acabado cl\u00e1sico atemporal que hace que nuestros productos se destaquen. El dise\u00f1o y el acabado de nuestros productos son tan perfectos que no podr\u00e1s evitar el acecho.<\/p>\n\n\t\t<\/div>\n\t<\/div>\n<a href='https:\/\/api.whatsapp.com\/send?phone=+393245454521&#038;text=Hello%2C%20I%20just%20came%20across%20your%20website%20CeraMondo.%20Can%20we%20please%20talk%3F' target='_blank' title='' class='dt-sc-button   medium     transparent' > Aprende m\u00e1s <\/a><\/div><\/div><\/div><\/div><div class=\"vc_row-full-width vc_clearfix\"><\/div><div data-vc-full-width=\"true\" data-vc-full-width-init=\"false\" class=\"vc_row wpb_row vc_row-fluid\"><div class=\"wpb_column vc_column_container vc_col-sm-12\"><div class=\"vc_column-inner\"><div class=\"wpb_wrapper\"><div class=\"ult-spacer spacer-6a07084f71cb4\" data-id=\"6a07084f71cb4\" data-height=\"30\" data-height-mobile=\"30\" data-height-tab=\"30\" data-height-tab-portrait=\"\" data-height-mobile-landscape=\"\" style=\"clear:both;display:block;\"><\/div><\/div><\/div><\/div><\/div><div class=\"vc_row-full-width vc_clearfix\"><\/div><div class=\"vc_row wpb_row vc_row-fluid vc_row-o-equal-height vc_row-o-content-middle vc_row-flex\"><div class=\"alignright wpb_column vc_column_container vc_col-sm-6\"><div class=\"vc_column-inner\"><div class=\"wpb_wrapper\"><h3 style=\"color: #000000;text-align: right\" class=\"vc_custom_heading vc_custom_1681317258276\"><a href=\"\">QUALITY NEVER COMPROMISED<\/a><\/h3><h4 style=\"text-align: left\" class=\"vc_custom_heading dt-sc-skin-highlight txt dt-sc-dark-bg vc_custom_1613558824617\"><a href=\"\">M\u00c1XIMA DURABILIDAD, PARA SIEMPRE<\/a><\/h4>\n\t<div class=\"wpb_text_column wpb_content_element  vc_custom_1681317349844\" >\n\t\t<div class=\"wpb_wrapper\">\n\t\t\t<p class=\"p2\">Every single piece, every single meter, every single inch, every single centimeter of our products is carefully checked with magnification under the bright light to make sure we never compromise the product and we are focused on superior product quality delivery.<\/p>\n\n\t\t<\/div>\n\t<\/div>\n<a href='https:\/\/api.whatsapp.com\/send?phone=+393245454521&#038;text=Hello%2C%20I%20just%20came%20across%20your%20website%20CeraMondo.%20Can%20we%20please%20talk%3F' target='_blank' title='' class='dt-sc-button   medium     transparent' > Aprende m\u00e1s <\/a><\/div><\/div><\/div><div class=\"wpb_column vc_column_container vc_col-sm-6\"><div class=\"vc_column-inner\"><div class=\"wpb_wrapper\"><img loading=\"lazy\" decoding=\"async\" width=\"570\" height=\"330\" src=\"https:\/\/ceramondo.com\/wp-content\/uploads\/2022\/05\/2.jpg\" class=\"alignnone attachment-full\" alt=\"\" \/><\/div><\/div><\/div><\/div><div data-vc-full-width=\"true\" data-vc-full-width-init=\"false\" class=\"vc_row wpb_row vc_row-fluid\"><div class=\"wpb_column vc_column_container vc_col-sm-12\"><div class=\"vc_column-inner\"><div class=\"wpb_wrapper\"><div class=\"ult-spacer spacer-6a07084f720da\" data-id=\"6a07084f720da\" data-height=\"70\" data-height-mobile=\"70\" data-height-tab=\"70\" data-height-tab-portrait=\"\" data-height-mobile-landscape=\"\" style=\"clear:both;display:block;\"><\/div><\/div><\/div><\/div><\/div><div class=\"vc_row-full-width vc_clearfix\"><\/div><div data-vc-full-width=\"true\" data-vc-full-width-init=\"false\" class=\"vc_row wpb_row vc_row-fluid dt-sc-dark-bg vc_custom_1613807453548\"><div class=\"wpb_column vc_column_container vc_col-sm-12\"><div class=\"vc_column-inner\"><div class=\"wpb_wrapper\"><div class='dt-sc-title with-two-border aligncenter'><h2>Estad\u00edsticas de <strong>Exportar<\/strong><\/h2><\/div>\n\t<div class=\"wpb_text_column wpb_content_element  aligncenter\" >\n\t\t<div class=\"wpb_wrapper\">\n\t\t\t<p class=\"p1\">Only the numbers can determine successful products, successful businesses, and satisfied clients. Check out our business by numbers.<\/p>\n\n\t\t<\/div>\n\t<\/div>\n<div class=\"ult-spacer spacer-6a07084f7223c\" data-id=\"6a07084f7223c\" data-height=\"70\" data-height-mobile=\"70\" data-height-tab=\"70\" data-height-tab-portrait=\"\" data-height-mobile-landscape=\"\" style=\"clear:both;display:block;\"><\/div><div class=\"vc_row wpb_row vc_inner vc_row-fluid dt-sc-dark-bg\"><div class=\"wpb_column vc_column_container vc_col-sm-3\"><div class=\"vc_column-inner\"><div class=\"wpb_wrapper\"><div class='dt-sc-counter type2'><div class='dt-sc-couter-icon-holder'><div class='icon-wrapper'><span class='icon icon-users'> <\/span><\/div><div class='dt-sc-counter-number' data-value='73' >73<\/div><\/div><h4>Clientes Felices<\/h4><\/div><\/div><\/div><\/div><div class=\"wpb_column vc_column_container vc_col-sm-3\"><div class=\"vc_column-inner\"><div class=\"wpb_wrapper\"><div class='dt-sc-counter type2'><div class='dt-sc-couter-icon-holder'><div class='icon-wrapper'><span class='icon icon-cup'> <\/span><\/div><div class='dt-sc-counter-number' data-value='2000' >2000<\/div><\/div><h4>Contenedores Enviados<\/h4><\/div><\/div><\/div><\/div><div class=\"wpb_column vc_column_container vc_col-sm-3\"><div class=\"vc_column-inner\"><div class=\"wpb_wrapper\"><div class='dt-sc-counter type2'><div class='dt-sc-couter-icon-holder'><div class='icon-wrapper'><span class='icon icon-flag'> <\/span><\/div><div class='dt-sc-counter-number' data-value='26' >26<\/div><\/div><h4>Pa\u00edses<\/h4><\/div><\/div><\/div><\/div><div class=\"wpb_column vc_column_container vc_col-sm-3\"><div class=\"vc_column-inner\"><div class=\"wpb_wrapper\"><div class='dt-sc-counter type2'><div class='dt-sc-couter-icon-holder'><div class='icon-wrapper'><span class='icon icon-star'> <\/span><\/div><div class='dt-sc-counter-number' data-value='5' >5<\/div><\/div><h4>Continentes<\/h4><\/div><\/div><\/div><\/div><\/div><\/div><\/div><\/div><\/div><div class=\"vc_row-full-width vc_clearfix\"><\/div><!-- Row Backgrounds --><div class=\"upb_bg_img\" data-ultimate-bg=\"url(https:\/\/ceramondo.com\/wp-content\/uploads\/2021\/02\/Casalava-export-stats-1.jpg)\" data-image-id=\"id^10173|url^http:\/\/ceramondo.comwp-content\/uploads\/2021\/02\/Casalava-export-stats-1.jpg|caption^null|alt^null|title^Casalava export stats|description^null\" data-ultimate-bg-style=\"vcpb-vz-jquery\" data-bg-img-repeat=\"repeat\" data-bg-img-size=\"cover\" data-bg-img-position=\"\" data-parallx_sense=\"30\" data-bg-override=\"0\" data-bg_img_attach=\"scroll\" data-upb-overlay-color=\"rgba(0,0,0,0.8)\" data-upb-bg-animation=\"\" data-fadeout=\"\" data-bg-animation=\"left-animation\" data-bg-animation-type=\"h\" data-animation-repeat=\"repeat\" data-fadeout-percentage=\"30\" data-parallax-content=\"\" data-parallax-content-sense=\"30\" data-row-effect-mobile-disable=\"true\" data-img-parallax-mobile-disable=\"true\" data-rtl=\"false\"  data-custom-vc-row=\"\"  data-vc=\"6.5.0\"  data-is_old_vc=\"\"  data-theme-support=\"\"   data-overlay=\"true\" data-overlay-color=\"rgba(0,0,0,0.8)\" data-overlay-pattern=\"\" data-overlay-pattern-opacity=\"0.8\" data-overlay-pattern-size=\"\" data-overlay-pattern-attachment=\"scroll\"    ><\/div><div class=\"vc_row wpb_row vc_row-fluid\"><div class=\"wpb_column vc_column_container vc_col-sm-2\"><div class=\"vc_column-inner\"><div class=\"wpb_wrapper\"><\/div><\/div><\/div><div class=\"wpb_column vc_column_container vc_col-sm-8\"><div class=\"vc_column-inner\" style=\" text-align:center; \"><div class=\"wpb_wrapper\"><div class=\"ult-spacer spacer-6a07084f726b8\" data-id=\"6a07084f726b8\" data-height=\"100\" data-height-mobile=\"100\" data-height-tab=\"100\" data-height-tab-portrait=\"\" data-height-mobile-landscape=\"\" style=\"clear:both;display:block;\"><\/div><div class='dt-sc-title with-two-border aligncenter'><h2><strong>Contacto <\/strong>PARA M\u00c1S INFORMACI\u00d3N<\/h2><\/div><\/div><\/div><\/div><div class=\"wpb_column vc_column_container vc_col-sm-2\"><div class=\"vc_column-inner\"><div class=\"wpb_wrapper\"><\/div><\/div><\/div><\/div><div class=\"vc_row wpb_row vc_row-fluid\"><div class=\"wpb_column vc_column_container vc_col-sm-12\"><div class=\"vc_column-inner\"><div class=\"wpb_wrapper\"><div class=\"ult-spacer spacer-6a07084f72787\" data-id=\"6a07084f72787\" data-height=\"70\" data-height-mobile=\"70\" data-height-tab=\"70\" data-height-tab-portrait=\"\" data-height-mobile-landscape=\"\" style=\"clear:both;display:block;\"><\/div><\/div><\/div><\/div><\/div><div class=\"vc_row wpb_row vc_row-fluid\"><div class=\"wpb_column vc_column_container vc_col-sm-3\"><div class=\"vc_column-inner\"><div class=\"wpb_wrapper\"><div class='dt-sc-contact-info type3'><span class='icon icon-pointer'> <\/span><h6>DIRECCI\u00d3N<\/h6><p class=\"p1\">Ground Floor, Manyata Embassy Business Park, Outer Ring Road, Bengaluru, Karnataka 560045<\/p><\/div><\/div><\/div><\/div><div class=\"wpb_column vc_column_container vc_col-sm-3\"><div class=\"vc_column-inner\"><div class=\"wpb_wrapper\"><div class='dt-sc-contact-info type3'><span class='icon icon-phone2'> <\/span><h6>N\u00famero De Tel\u00e9fono<\/h6><br><\/p>\n<p><a href=\"https:\/\/api.whatsapp.com\/send?phone=+393245454521&amp;text=Hello%2C%20I%20just%20came%20across%20your%20website%20CeraMondo.%20Can%20we%20please%20talk%3F\">+ 39 324 5454 521<\/a> (Italiano) <br> <a href=\"https:\/\/api.whatsapp.com\/send?phone=+393245454521&amp;text=Hello%2C%20I%20just%20came%20across%20your%20website%20CeraMondo.%20Can%20we%20please%20talk%3F\">+ 91 789 9944 222<\/a> (Indio)<\/div><\/div><\/div><\/div><div class=\"wpb_column vc_column_container vc_col-sm-3\"><div class=\"vc_column-inner\"><div class=\"wpb_wrapper\"><div class='dt-sc-contact-info type3'><span class='icon icon-imbox'> <\/span><h6>Identificaci\u00f3n De Correo<\/h6><br><\/p>\n<p><a title=\"\" href=\"#\">export@ceramondo.com\u00a0<\/a> <br> <a title=\"\" href=\"#\"> info@ceramondo.com <\/a><\/div><\/div><\/div><\/div><div class=\"wpb_column vc_column_container vc_col-sm-3\"><div class=\"vc_column-inner\"><div class=\"wpb_wrapper\"><div class='dt-sc-contact-info type3'><span class='icon icon-timer'> <\/span><h6>Horario De Apertura<\/h6><br><\/p>\n<p>Lun \u2013 S\u00e1b 8:00 a 23:00 <br> Dom \u2013 8:00 a 15:00<\/div><\/div><\/div><\/div><\/div>","protected":false},"excerpt":{"rendered":"We Specialize in Porcelain Slab (Large) 80 x 320 80 x 300 80 x 240 80 x 160 All ISO-certified quality products Catalog GVT\/PGVT (Porcelain) 80 x 80 60 x 60 60 x 120 20 x 120 All ISO-certified quality products Catalog Full Body Tiles 60 x 60 60 x 120 30 x 120 &nbsp; [...]","protected":false},"author":1,"featured_media":0,"parent":0,"menu_order":0,"comment_status":"closed","ping_status":"closed","template":"","meta":{"footnotes":""},"class_list":["post-10235","page","type-page","status-publish","hentry"],"yoast_head":"<!-- This site is optimized with the Yoast SEO Premium plugin v19.5 (Yoast SEO v19.10) - https:\/\/yoast.com\/wordpress\/plugins\/seo\/ -->\n<title>Home - CeraMondo<\/title>\n<meta name=\"description\" content=\"Official website of CeraMondo: luxurious tiles designed in Italy and manufactured in India in line with Italian quality standards.\" \/>\n<meta name=\"robots\" content=\"index, follow, max-snippet:-1, max-image-preview:large, max-video-preview:-1\" \/>\n<link rel=\"canonical\" href=\"https:\/\/ceramondo.com\/es\/\" \/>\n<meta property=\"og:locale\" content=\"es_ES\" \/>\n<meta property=\"og:type\" content=\"article\" \/>\n<meta property=\"og:title\" content=\"Home\" \/>\n<meta property=\"og:description\" content=\"Official website of CeraMondo: luxurious tiles designed in Italy and manufactured in India in line with Italian quality standards.\" \/>\n<meta property=\"og:url\" content=\"https:\/\/ceramondo.com\/es\/\" \/>\n<meta property=\"og:site_name\" content=\"CeraMondo\" \/>\n<meta property=\"article:modified_time\" content=\"2023-04-20T17:53:03+00:00\" \/>\n<meta name=\"twitter:card\" content=\"summary_large_image\" \/>\n<meta name=\"twitter:label1\" content=\"Tiempo de lectura\" \/>\n\t<meta name=\"twitter:data1\" content=\"5 minutos\" \/>\n<script type=\"application\/ld+json\" class=\"yoast-schema-graph\">{\"@context\":\"https:\/\/schema.org\",\"@graph\":[{\"@type\":\"WebPage\",\"@id\":\"https:\/\/ceramondo.com\/\",\"url\":\"https:\/\/ceramondo.com\/\",\"name\":\"Home - CeraMondo\",\"isPartOf\":{\"@id\":\"https:\/\/ceramondo.com\/en\/#website\"},\"datePublished\":\"2022-02-11T23:36:42+00:00\",\"dateModified\":\"2023-04-20T17:53:03+00:00\",\"description\":\"Official website of CeraMondo: luxurious tiles designed in Italy and manufactured in India in line with Italian quality standards.\",\"breadcrumb\":{\"@id\":\"https:\/\/ceramondo.com\/#breadcrumb\"},\"inLanguage\":\"es\",\"potentialAction\":[{\"@type\":\"ReadAction\",\"target\":[\"https:\/\/ceramondo.com\/\"]}]},{\"@type\":\"BreadcrumbList\",\"@id\":\"https:\/\/ceramondo.com\/#breadcrumb\",\"itemListElement\":[{\"@type\":\"ListItem\",\"position\":1,\"name\":\"Home\",\"item\":\"https:\/\/ceramondo.com\/\"},{\"@type\":\"ListItem\",\"position\":2,\"name\":\"Home\"}]},{\"@type\":\"WebSite\",\"@id\":\"https:\/\/ceramondo.com\/en\/#website\",\"url\":\"https:\/\/ceramondo.com\/en\/\",\"name\":\"CeraMondo\",\"description\":\"La ceramica di alta qualit\u00e0\",\"publisher\":{\"@id\":\"https:\/\/ceramondo.com\/en\/#organization\"},\"potentialAction\":[{\"@type\":\"SearchAction\",\"target\":{\"@type\":\"EntryPoint\",\"urlTemplate\":\"https:\/\/ceramondo.com\/en\/?s={search_term_string}\"},\"query-input\":\"required name=search_term_string\"}],\"inLanguage\":\"es\"},{\"@type\":\"Organization\",\"@id\":\"https:\/\/ceramondo.com\/en\/#organization\",\"name\":\"CeraMondo\",\"url\":\"https:\/\/ceramondo.com\/en\/\",\"logo\":{\"@type\":\"ImageObject\",\"inLanguage\":\"es\",\"@id\":\"https:\/\/ceramondo.com\/en\/#\/schema\/logo\/image\/\",\"url\":\"https:\/\/ceramondo.com\/wp-content\/uploads\/2021\/03\/150x113-without-slogan.png\",\"contentUrl\":\"https:\/\/ceramondo.com\/wp-content\/uploads\/2021\/03\/150x113-without-slogan.png\",\"width\":150,\"height\":113,\"caption\":\"CeraMondo\"},\"image\":{\"@id\":\"https:\/\/ceramondo.com\/en\/#\/schema\/logo\/image\/\"},\"sameAs\":[\"https:\/\/www.instagram.com\/ceramondo.it\/\",\"https:\/\/www.linkedin.com\/company\/ceramondo\/\"]}]}<\/script>\n<!-- \/ Yoast SEO Premium plugin. -->","yoast_head_json":{"title":"Home - CeraMondo","description":"Official website of CeraMondo: luxurious tiles designed in Italy and manufactured in India in line with Italian quality standards.","robots":{"index":"index","follow":"follow","max-snippet":"max-snippet:-1","max-image-preview":"max-image-preview:large","max-video-preview":"max-video-preview:-1"},"canonical":"https:\/\/ceramondo.com\/es\/","og_locale":"es_ES","og_type":"article","og_title":"Home","og_description":"Official website of CeraMondo: luxurious tiles designed in Italy and manufactured in India in line with Italian quality standards.","og_url":"https:\/\/ceramondo.com\/es\/","og_site_name":"CeraMondo","article_modified_time":"2023-04-20T17:53:03+00:00","twitter_card":"summary_large_image","twitter_misc":{"Tiempo de lectura":"5 minutos"},"schema":{"@context":"https:\/\/schema.org","@graph":[{"@type":"WebPage","@id":"https:\/\/ceramondo.com\/","url":"https:\/\/ceramondo.com\/","name":"Home - CeraMondo","isPartOf":{"@id":"https:\/\/ceramondo.com\/en\/#website"},"datePublished":"2022-02-11T23:36:42+00:00","dateModified":"2023-04-20T17:53:03+00:00","description":"Official website of CeraMondo: luxurious tiles designed in Italy and manufactured in India in line with Italian quality standards.","breadcrumb":{"@id":"https:\/\/ceramondo.com\/#breadcrumb"},"inLanguage":"es","potentialAction":[{"@type":"ReadAction","target":["https:\/\/ceramondo.com\/"]}]},{"@type":"BreadcrumbList","@id":"https:\/\/ceramondo.com\/#breadcrumb","itemListElement":[{"@type":"ListItem","position":1,"name":"Home","item":"https:\/\/ceramondo.com\/"},{"@type":"ListItem","position":2,"name":"Home"}]},{"@type":"WebSite","@id":"https:\/\/ceramondo.com\/en\/#website","url":"https:\/\/ceramondo.com\/en\/","name":"CeraMondo","description":"La ceramica di alta qualit\u00e0","publisher":{"@id":"https:\/\/ceramondo.com\/en\/#organization"},"potentialAction":[{"@type":"SearchAction","target":{"@type":"EntryPoint","urlTemplate":"https:\/\/ceramondo.com\/en\/?s={search_term_string}"},"query-input":"required name=search_term_string"}],"inLanguage":"es"},{"@type":"Organization","@id":"https:\/\/ceramondo.com\/en\/#organization","name":"CeraMondo","url":"https:\/\/ceramondo.com\/en\/","logo":{"@type":"ImageObject","inLanguage":"es","@id":"https:\/\/ceramondo.com\/en\/#\/schema\/logo\/image\/","url":"https:\/\/ceramondo.com\/wp-content\/uploads\/2021\/03\/150x113-without-slogan.png","contentUrl":"https:\/\/ceramondo.com\/wp-content\/uploads\/2021\/03\/150x113-without-slogan.png","width":150,"height":113,"caption":"CeraMondo"},"image":{"@id":"https:\/\/ceramondo.com\/en\/#\/schema\/logo\/image\/"},"sameAs":["https:\/\/www.instagram.com\/ceramondo.it\/","https:\/\/www.linkedin.com\/company\/ceramondo\/"]}]}},"rttpg_featured_image_url":null,"rttpg_author":{"display_name":"admin","author_link":"https:\/\/ceramondo.com\/es\/author\/admin\/"},"rttpg_comment":0,"rttpg_category":null,"rttpg_excerpt":null,"_links":{"self":[{"href":"https:\/\/ceramondo.com\/es\/wp-json\/wp\/v2\/pages\/10235","targetHints":{"allow":["GET"]}}],"collection":[{"href":"https:\/\/ceramondo.com\/es\/wp-json\/wp\/v2\/pages"}],"about":[{"href":"https:\/\/ceramondo.com\/es\/wp-json\/wp\/v2\/types\/page"}],"author":[{"embeddable":true,"href":"https:\/\/ceramondo.com\/es\/wp-json\/wp\/v2\/users\/1"}],"replies":[{"embeddable":true,"href":"https:\/\/ceramondo.com\/es\/wp-json\/wp\/v2\/comments?post=10235"}],"version-history":[{"count":99,"href":"https:\/\/ceramondo.com\/es\/wp-json\/wp\/v2\/pages\/10235\/revisions"}],"predecessor-version":[{"id":11444,"href":"https:\/\/ceramondo.com\/es\/wp-json\/wp\/v2\/pages\/10235\/revisions\/11444"}],"wp:attachment":[{"href":"https:\/\/ceramondo.com\/es\/wp-json\/wp\/v2\/media?parent=10235"}],"curies":[{"name":"wp","href":"https:\/\/api.w.org\/{rel}","templated":true}]}}